{"id":16,"date":"2025-03-03T11:17:37","date_gmt":"2025-03-03T11:17:37","guid":{"rendered":"https:\/\/bebeautifulboudoir.nl\/?page_id=16"},"modified":"2025-03-17T12:50:55","modified_gmt":"2025-03-17T12:50:55","slug":"portfolio","status":"publish","type":"page","link":"https:\/\/bebeautifulboudoir.nl\/index.php\/portfolio\/","title":{"rendered":"\u2728 DREAM TEAM"},"content":{"rendered":"\n<p>Twee handen op een buik.<\/p>\n\n\n\n<p>[FOTO]<\/p>\n\n\n\n<p>Michelle [Salon Nol\u00e9] kapper en visagist. | Marissa [Studio Gleis] fotograaf en creatief creator. <br>Wij zijn twee zussen met \u00e9\u00e9n missie. We hebben onze krachten met alle liefde gebundeld om dit bijzondere concept te cre\u00ebren. Uit onze gedeelde passie voor mooie plaatjes, make-up, zelfliefde en acceptatie, is dit krachtige concept ontstaan. Na jaren van zowel persoonlijke als professionele groei en ontwikkeling, staan wij klaar om jou te begeleiden in een bijzondere reis van zelfontdekking, waarin we jouw innerlijke kracht &amp; schoonheid gaan vieren en vastleggen. <br><\/p>\n","protected":false},"excerpt":{"rendered":"<p>Twee handen op een buik. [FOTO] Michelle [Salon Nol\u00e9] kapper en visagist. | Marissa [Studio Gleis] fotograaf en creatief creator. Wij zijn twee zussen met \u00e9\u00e9n missie. We hebben onze krachten met alle liefde gebundeld om dit bijzondere concept te cre\u00ebren. Uit onze gedeelde passie voor mooie plaatjes, make-up, zelfliefde en acceptatie, is dit krachtige &hellip; <\/p>\n<p class=\"link-more\"><a href=\"https:\/\/bebeautifulboudoir.nl\/index.php\/portfolio\/\" class=\"more-link\">Lees verder <span class=\"screen-reader-text\">&#8220;\u2728 DREAM TEAM&#8221;<\/span><\/a><\/p>\n","protected":false},"author":1,"featured_media":0,"parent":0,"menu_order":0,"comment_status":"closed","ping_status":"closed","template":"","meta":{"footnotes":""},"class_list":["post-16","page","type-page","status-publish","hentry"],"_links":{"self":[{"href":"https:\/\/bebeautifulboudoir.nl\/index.php\/wp-json\/wp\/v2\/pages\/16","targetHints":{"allow":["GET"]}}],"collection":[{"href":"https:\/\/bebeautifulboudoir.nl\/index.php\/wp-json\/wp\/v2\/pages"}],"about":[{"href":"https:\/\/bebeautifulboudoir.nl\/index.php\/wp-json\/wp\/v2\/types\/page"}],"author":[{"embeddable":true,"href":"https:\/\/bebeautifulboudoir.nl\/index.php\/wp-json\/wp\/v2\/users\/1"}],"replies":[{"embeddable":true,"href":"https:\/\/bebeautifulboudoir.nl\/index.php\/wp-json\/wp\/v2\/comments?post=16"}],"version-history":[{"count":13,"href":"https:\/\/bebeautifulboudoir.nl\/index.php\/wp-json\/wp\/v2\/pages\/16\/revisions"}],"predecessor-version":[{"id":198,"href":"https:\/\/bebeautifulboudoir.nl\/index.php\/wp-json\/wp\/v2\/pages\/16\/revisions\/198"}],"wp:attachment":[{"href":"https:\/\/bebeautifulboudoir.nl\/index.php\/wp-json\/wp\/v2\/media?parent=16"}],"curies":[{"name":"wp","href":"https:\/\/api.w.org\/{rel}","templated":true}]}}